{"id":11,"date":"2015-05-07T08:57:28","date_gmt":"2015-05-07T08:57:28","guid":{"rendered":"http:\/\/transfert.alsace\/?page_id=11"},"modified":"2024-12-23T12:06:19","modified_gmt":"2024-12-23T12:06:19","slug":"comment-ca-se-passe","status":"publish","type":"page","link":"https:\/\/transfert.alsace\/?page_id=11","title":{"rendered":"Comment \u00e7a se passe ?"},"content":{"rendered":"<p>En g\u00e9n\u00e9ral &#8230; bien \ud83d\ude42<\/p>\n<p>Concr\u00e8tement : si vous avez un projet de num\u00e9risation de vos films ou de vos cassettes, commencez par nous appeler au 06 07 86 55 82, ce qui permettra de faire un premier point sur vos sources et si vous le souhaitez, de prendre un rendez-vous pour se rencontrer.<\/p>\n<p>Parce qu&rsquo;autant le dire tout de suite : sauf \u00e0 de tr\u00e8\u00e8\u00e8\u00e8s rares exceptions, nous ne souhaitons pas recevoir d&rsquo;envois par la Poste. On a beau dire qu&rsquo;on peut avoir des colissimos contre signature, des recommand\u00e9s, des chronoposts et des pigeons voyageurs, depuis bient\u00f4t 40 ans qu&rsquo;on fait ce m\u00e9tier, nous avons assez d&rsquo;exp\u00e9rience pour savoir que des paquets se perdent ou sont endommag\u00e9s, et plus souvent qu&rsquo;on ne le pense. Pas trop grave si on envoie une version poche d&rsquo;Harry Potter au petit cousin, mais tr\u00e8s g\u00eanant quand il s&rsquo;agit d&rsquo;un souvenir qui n&rsquo;existe qu&rsquo;en un seul exemplaire !<\/p>\n<p>Et puis en plus, on aime bien discuter avec nos clients, comprendre ce qu&rsquo;ils veulent, dans quel ordre mettre leurs sources, quels titres leur donner, etc.<br \/>\nPromis, chez nous, vous n&rsquo;aurez pas droit au \u00ab\u00a0Presser la touche 1 si vous avec des cassettes Betamax, pressez la touche 2 si vous avez des cassettes VHS&#8230;\u00a0\u00bb. Bref, on prendra le temps qu&rsquo;il faut pour discuter de votre projet.<\/p>\n<p>Une fois que vous serez venu chez nous avec vos cassettes, la premi\u00e8re \u00e9tape est (si vous ne l&rsquo;avez pas encore fait) de d\u00e9terminer de quel type de sources vous disposez, d&rsquo;estimer leur \u00e9tat (surtout pour les films cin\u00e9ma) et leur dur\u00e9e, nous pourrons ainsi vous faire un devis estimatif.<\/p>\n<p>Une chose importante, que vous pouvez d&rsquo;ailleurs pr\u00e9parer \u00e0 l&rsquo;avance, est d&rsquo;essayer de reclasser vos films par sujet ou par ordre chronologique.<br \/>\nSi tout a \u00e9t\u00e9 bien renseign\u00e9, pas de souci ! Une belle \u00e9tiquette avec la date et le sujet et vogue la col\u00e8re !!<\/p>\n<p>Malheureusement, c&rsquo;est assez rare et nous nous trouvons souvent face \u00e0 des bobines non identifi\u00e9es. Dans ce cas, si il s&rsquo;agit de films 8mm ou Super 8 en petites bobines qui sont encore contenus dans leurs enveloppes d&rsquo;exp\u00e9dition, celles-ci peuvent \u00eatre d&rsquo;une aide pr\u00e9cieuse : le cachet de la Poste y est en g\u00e9n\u00e9ral pr\u00e9sent, ce qui permet d&rsquo;avoir une estimation du mois et de l&rsquo;ann\u00e9e &#8230; \u00e0 condition que les films n&rsquo;aient pas \u00e9t\u00e9 m\u00e9lang\u00e9s entre temps !!<\/p>\n<p>Vient ensuite une \u00e9tape importante : <a title=\"Choix du support de transfert\" href=\"http:\/\/transfert.alsace\/?page_id=52\">le choix du support de transfert<\/a><\/p>\n","protected":false},"excerpt":{"rendered":"<p>En g\u00e9n\u00e9ral &#8230; bien \ud83d\ude42 Concr\u00e8tement : si vous avez un projet de num\u00e9risation de vos films ou de vos cassettes, commencez par nous appeler au 06 07 86 55 82, ce qui permettra de faire un premier point sur vos sources et si vous le souhaitez, de prendre un rendez-vous pour se rencontrer. Parce [&hellip;]<\/p>\n","protected":false},"author":2,"featured_media":0,"parent":0,"menu_order":0,"comment_status":"open","ping_status":"open","template":"","meta":[],"_links":{"self":[{"href":"https:\/\/transfert.alsace\/index.php?rest_route=\/wp\/v2\/pages\/11"}],"collection":[{"href":"https:\/\/transfert.alsace\/index.php?rest_route=\/wp\/v2\/pages"}],"about":[{"href":"https:\/\/transfert.alsace\/index.php?rest_route=\/wp\/v2\/types\/page"}],"author":[{"embeddable":true,"href":"https:\/\/transfert.alsace\/index.php?rest_route=\/wp\/v2\/users\/2"}],"replies":[{"embeddable":true,"href":"https:\/\/transfert.alsace\/index.php?rest_route=%2Fwp%2Fv2%2Fcomments&post=11"}],"version-history":[{"count":7,"href":"https:\/\/transfert.alsace\/index.php?rest_route=\/wp\/v2\/pages\/11\/revisions"}],"predecessor-version":[{"id":127,"href":"https:\/\/transfert.alsace\/index.php?rest_route=\/wp\/v2\/pages\/11\/revisions\/127"}],"wp:attachment":[{"href":"https:\/\/transfert.alsace\/index.php?rest_route=%2Fwp%2Fv2%2Fmedia&parent=11"}],"curies":[{"name":"wp","href":"https:\/\/api.w.org\/{rel}","templated":true}]}}