{"id":15,"date":"2015-05-07T08:58:37","date_gmt":"2015-05-07T08:58:37","guid":{"rendered":"http:\/\/transfert.alsace\/?page_id=15"},"modified":"2016-04-07T19:28:23","modified_gmt":"2016-04-07T19:28:23","slug":"qui-sommes-nous","status":"publish","type":"page","link":"https:\/\/transfert.alsace\/?page_id=15","title":{"rendered":"Qui sommes-nous ?"},"content":{"rendered":"<h2>Un peu d&rsquo;histoire<\/h2>\n<p><img decoding=\"async\" loading=\"lazy\" class=\"alignright\" src=\"http:\/\/optima-video.com\/_images\/quisommesnous\/deja_en_1972.jpg\" alt=\"Une passion de famille qui remonte au moins \u00e0 1972 !\" width=\"200\" height=\"269\" border=\"1\" \/>Derri\u00e8re le site<strong><em> Transfert Alsace<\/em><\/strong>, il y a la soci\u00e9t\u00e9 Optima, cr\u00e9\u00e9e en 1986 \u00e0 Strasbourg par Jean-Luc Caurette (le p\u00e8re). Rejoins quelques ann\u00e9es plus tard par Jean-Christophe Caurette (le fils !), c&rsquo;est en vain qu&rsquo;ils essayent depuis de recruter le Saint-Esprit &#8230;<\/p>\n<p>Et voil\u00e0, vous avez fait le tour du personnel ! Chez nous, pas de probl\u00e8mes d&rsquo;interm\u00e9diaires ! Vu la compacit\u00e9 de notre structure (qui a dit \u00ab\u00a0petit\u00a0\u00bb ?) vous pouvez \u00eatre assur\u00e9s que chaque projet est trait\u00e9 de A \u00e0 Z sans perte de sens ou d&rsquo;information entre 15 niveaux hi\u00e9rarchiques diff\u00e9rents.<\/p>\n<p>Chez Optima, notre m\u00e9tier originel est de r\u00e9aliser des films d&rsquo;entreprise. Mais suite au d\u00e9c\u00e8s d&rsquo;un grand-p\u00e8re amateur de cin\u00e9ma et de photo, nous avons commenc\u00e9 \u00e0 transf\u00e9rer nos archives de famille afin de les pr\u00e9server des ravages du temps. Et de fil en aiguille, ce sont la famille, les amis, nos voisins et nos clients qui nous ont sollicit\u00e9 pour ces prestations que nous avons d\u00e9cid\u00e9 d&rsquo;ouvrir au public il y a une quinzaine d&rsquo;ann\u00e9e.<\/p>\n<p>B\u00e9n\u00e9ficiant d&rsquo;une solide exp\u00e9rience dans le domaine (Jean-Luc a obtenu son brevet de projectionniste dans les ann\u00e9es 60), nous faisons ce m\u00e9tier avant tout parce que nous aimons le faire. Il y a toujours quelque chose de tr\u00e8s satisfaisant quand on fini de transf\u00e9rer une bobine et qu&rsquo;on se dit \u00ab\u00a0Encore une de sauv\u00e9e !\u00a0\u00bb. Bon, parfois on r\u00e2le aussi quand une bobine casse pour la vingti\u00e8me fois d&rsquo;affil\u00e9e et on se dit qu&rsquo;on serait mieux sur une plage au Cara\u00efbes, mais finalement, avec la couche d&rsquo;ozone qui fiche le camp, on prend moins de risques en Alsace&#8230;.<\/p>\n<p><a title=\"Adresse et Contact\" href=\"http:\/\/transfert.alsace\/?page_id=88\">Adresse et Contact<\/a><\/p>\n<p>&nbsp;<\/p>\n","protected":false},"excerpt":{"rendered":"<p>Un peu d&rsquo;histoire Derri\u00e8re le site Transfert Alsace, il y a la soci\u00e9t\u00e9 Optima, cr\u00e9\u00e9e en 1986 \u00e0 Strasbourg par Jean-Luc Caurette (le p\u00e8re). Rejoins quelques ann\u00e9es plus tard par Jean-Christophe Caurette (le fils !), c&rsquo;est en vain qu&rsquo;ils essayent depuis de recruter le Saint-Esprit &#8230; Et voil\u00e0, vous avez fait le tour du personnel [&hellip;]<\/p>\n","protected":false},"author":2,"featured_media":0,"parent":0,"menu_order":0,"comment_status":"open","ping_status":"open","template":"","meta":[],"_links":{"self":[{"href":"https:\/\/transfert.alsace\/index.php?rest_route=\/wp\/v2\/pages\/15"}],"collection":[{"href":"https:\/\/transfert.alsace\/index.php?rest_route=\/wp\/v2\/pages"}],"about":[{"href":"https:\/\/transfert.alsace\/index.php?rest_route=\/wp\/v2\/types\/page"}],"author":[{"embeddable":true,"href":"https:\/\/transfert.alsace\/index.php?rest_route=\/wp\/v2\/users\/2"}],"replies":[{"embeddable":true,"href":"https:\/\/transfert.alsace\/index.php?rest_route=%2Fwp%2Fv2%2Fcomments&post=15"}],"version-history":[{"count":6,"href":"https:\/\/transfert.alsace\/index.php?rest_route=\/wp\/v2\/pages\/15\/revisions"}],"predecessor-version":[{"id":120,"href":"https:\/\/transfert.alsace\/index.php?rest_route=\/wp\/v2\/pages\/15\/revisions\/120"}],"wp:attachment":[{"href":"https:\/\/transfert.alsace\/index.php?rest_route=%2Fwp%2Fv2%2Fmedia&parent=15"}],"curies":[{"name":"wp","href":"https:\/\/api.w.org\/{rel}","templated":true}]}}