{"id":17,"date":"2015-05-07T08:59:19","date_gmt":"2015-05-07T08:59:19","guid":{"rendered":"http:\/\/transfert.alsace\/?page_id=17"},"modified":"2016-04-07T19:30:20","modified_gmt":"2016-04-07T19:30:20","slug":"prix","status":"publish","type":"page","link":"https:\/\/transfert.alsace\/?page_id=17","title":{"rendered":"Tarifs"},"content":{"rendered":"<p>Alors, c&rsquo;est bien tout \u00e7a, mais combien \u00e7a co\u00fbte ?<\/p>\n<p>Autant le dire franchement : si vous cherchez le prix le moins cher, vous n&rsquo;\u00eates pas au bon endroit ! Nous avons choisi de privil\u00e9gier la qualit\u00e9 et le service plut\u00f4t que le tarif le plus bas du march\u00e9.<br \/>\nChez nous, vos films ne seront pas envoy\u00e9s en Pologne ou aux Philippines pour \u00eatre transf\u00e9r\u00e9s ! Vous \u00eates re\u00e7us par les gens qui vont s&rsquo;occuper de vos archives et nous savons bien que si le travail n&rsquo;est pas correctement fait, c&rsquo;est nous qui auront \u00e0 vous en r\u00e9pondre les yeux dans les yeux !<\/p>\n<p>En outre, vous aurez la possibilit\u00e9 de nous expliquer exactement ce que vous souhaitez, de pr\u00e9visualiser les vid\u00e9os \u00e0 transf\u00e9rer, de personnaliser les titres et l&rsquo;\u00e9tiquette de votre DVD, etc&#8230;<\/p>\n<p>&nbsp;<\/p>\n<h2>1 &#8211; Les films 8 mm et Super 8<\/h2>\n<p>&#8211; Pour les petites bobines non mont\u00e9es de 3 \u00e0 4 minutes, c&rsquo;est un co\u00fbt forfaitaire de 12 \u20ac<\/p>\n<p>&#8211; <strong>Pour les bobines mont\u00e9es : 3 \u20ac \/ minute<\/strong><\/p>\n<p>Voil\u00e0, c&rsquo;est aussi simple que \u00e7a. Pas de co\u00fbt suppl\u00e9mentaire de prise en charge, de nettoyage, de r\u00e9paration de collage cass\u00e9s ou je ne sais quoi. Le prix que nous vous facturons est \u00e9gal au nombre de minutes que nous vous livrons x 3 \u20ac, c&rsquo;est tout !<\/p>\n<p>A noter que le cout est ind\u00e9pendant du support (m\u00e9dia amovible ou fichier informatique).<\/p>\n<div class=\"fusion-sep-clear\"><\/div><div class=\"fusion-separator sep-shadow\" style=\"border-color:#e0dede;margin-top:40px;margin-bottom:40px;\"><\/div>\n<h2>2 &#8211; Les films 9,5 et 16 mm<\/h2>\n<p>&#8211; <strong>7,5 \u20ac la minute<\/strong><\/p>\n<p>M\u00eames remarques que pour le 8 mm<\/p>\n<div class=\"fusion-sep-clear\"><\/div><div class=\"fusion-separator sep-shadow\" style=\"border-color:#e0dede;margin-top:40px;margin-bottom:40px;\"><\/div>\n<h2>3 &#8211; Les cassettes vid\u00e9o<\/h2>\n<p>C&rsquo;est plus facile \u00e0 faire, du coup, c&rsquo;est beaucoup moins cher \ud83d\ude42 Le co\u00fbt est de <strong>0,50 \u20ac par minute<\/strong> transf\u00e9r\u00e9e.<\/p>\n<p>Quelques exemples :<\/p>\n<p style=\"padding-left: 30px;\">&#8211; 1 cassette de 58 minutes : 29 \u20ac<\/p>\n<p style=\"padding-left: 30px;\">&#8211; 1 cassette de 30 minutes + 2 cassettes de 15 minutes (soit 60 minutes au total) : 30 \u20ac<\/p>\n<p style=\"padding-left: 30px;\">&#8211; 3 cassettes de 45 minutes (soit 2 h 15) : 67,50 \u20ac<\/p>\n<p>&nbsp;<\/p>\n<div class=\"fusion-sep-clear\"><\/div><div class=\"fusion-separator sep-shadow\" style=\"border-color:#e0dede;margin-top:40px;margin-bottom:40px;\"><\/div>\n<h2>4- Le reste<\/h2>\n<p>Pour tous les autres travaux, c&rsquo;est <del>\u00e0 la t\u00eate du client<\/del> &#8230; heu, pardon, en fonction du boulot qu&rsquo;il y a \u00e0 faire. Bref, appelez-nous ou venez nous voir et on en discutera !<\/p>\n<p><img decoding=\"async\" loading=\"lazy\" class=\"aligncenter\" src=\"http:\/\/optima-video.com\/_images\/Video\/JL_regie_1_gd.jpg\" alt=\"Parfois, on regarde la t\u00e9l\u00e9 au boulot...\" width=\"950\" height=\"619\" \/><\/p>\n<p>&nbsp;<\/p>\n","protected":false},"excerpt":{"rendered":"<p>Alors, c&rsquo;est bien tout \u00e7a, mais combien \u00e7a co\u00fbte ? Autant le dire franchement : si vous cherchez le prix le moins cher, vous n&rsquo;\u00eates pas au bon endroit ! Nous avons choisi de privil\u00e9gier la qualit\u00e9 et le service plut\u00f4t que le tarif le plus bas du march\u00e9. Chez nous, vos films ne seront [&hellip;]<\/p>\n","protected":false},"author":2,"featured_media":0,"parent":0,"menu_order":0,"comment_status":"open","ping_status":"open","template":"","meta":[],"_links":{"self":[{"href":"https:\/\/transfert.alsace\/index.php?rest_route=\/wp\/v2\/pages\/17"}],"collection":[{"href":"https:\/\/transfert.alsace\/index.php?rest_route=\/wp\/v2\/pages"}],"about":[{"href":"https:\/\/transfert.alsace\/index.php?rest_route=\/wp\/v2\/types\/page"}],"author":[{"embeddable":true,"href":"https:\/\/transfert.alsace\/index.php?rest_route=\/wp\/v2\/users\/2"}],"replies":[{"embeddable":true,"href":"https:\/\/transfert.alsace\/index.php?rest_route=%2Fwp%2Fv2%2Fcomments&post=17"}],"version-history":[{"count":14,"href":"https:\/\/transfert.alsace\/index.php?rest_route=\/wp\/v2\/pages\/17\/revisions"}],"predecessor-version":[{"id":121,"href":"https:\/\/transfert.alsace\/index.php?rest_route=\/wp\/v2\/pages\/17\/revisions\/121"}],"wp:attachment":[{"href":"https:\/\/transfert.alsace\/index.php?rest_route=%2Fwp%2Fv2%2Fmedia&parent=17"}],"curies":[{"name":"wp","href":"https:\/\/api.w.org\/{rel}","templated":true}]}}