{"id":2,"date":"2015-05-06T17:58:13","date_gmt":"2015-05-06T17:58:13","guid":{"rendered":"http:\/\/http:\/\/optima-video.com\/transfert_alsace\/"},"modified":"2024-12-23T12:00:18","modified_gmt":"2024-12-23T12:00:18","slug":"sample-page","status":"publish","type":"page","link":"https:\/\/transfert.alsace\/","title":{"rendered":"Vos Sources"},"content":{"rendered":"<div class=\"post-content\">Bonjour et bienvenue chez Transfert Alsace.<br \/>\nSi vous ne nous connaissez pas encore, n&rsquo;h\u00e9sitez pas \u00e0 faire un tour sur notre page de pr\u00e9sentation, mais pour faire simple, nous r\u00e9alisons des transferts de films cin\u00e9ma et de cassettes vid\u00e9o depuis 1986 au sein de la soci\u00e9t\u00e9 Optima-Vid\u00e9o. En 2015, nous avons d\u00e9cid\u00e9 de cr\u00e9er ce site pour s\u00e9parer notre activit\u00e9 de transfert de nos activit\u00e9 de prises de vues et de montage vid\u00e9o.Bref, tr\u00eave de bavardage, si vous \u00eates ici, c&rsquo;est que vous avez des films ou des cassettes vid\u00e9o qui dorment dans un tiroir ou une boite \u00e0 chaussures et que vous cherchez une solution pour les transf\u00e9rer sur un support plus exploitable et plus durable.La premi\u00e8re \u00e9tape avant de commencer \u00e0 parler de transfert est de d\u00e9terminer quelles sont les sources dont vous disposez. Celles-ci se r\u00e9partissent en plusieurs grandes cat\u00e9gories :- Les <a title=\"Films cin\u00e9ma (8mm, Super8 \u2026)\" href=\"http:\/\/transfert.alsace\/?page_id=19\"><strong>films cin\u00e9ma<\/strong><\/a> : 8 mm \u2013 Super 8 -9,5 mm \u2013 16 mm \u2013 35 mm<\/p>\n<p>&#8211; Les <a title=\"Cassettes vid\u00e9o\" href=\"http:\/\/transfert.alsace\/?page_id=21\"><strong>cassettes vid\u00e9o<\/strong><\/a> : VHS \u2013 Vid\u00e9o 8 \u2013 Hi8 \u2013 S-VHS \u2013 VHS-C \u2013 Betamax \u2013 V2000 \u2013 UMatic \u2013 BVU \u2013 Betacam<\/p>\n<p>&#8211; Les <strong>diapositives<\/strong> et <strong>photos papier<\/strong><\/p>\n<p>&#8211; Les <strong>fichiers photo et vid\u00e9<\/strong>o sur Disques Dur, Cartes m\u00e9moire, cl\u00e9 USB, t\u00e9l\u00e9phones portables \u2026<\/p>\n<p>&#8211; Les <strong>supports divers<\/strong> : disques vinyles, cassettes et bandes audio, tablettes cun\u00e9iformes, enregistrements extra-terrestres, etc\u2026.<\/p>\n<p>&nbsp;<\/p>\n<p>Pour identifier plus finement vos archives, cliquez sur les cat\u00e9gories respectives ci-dessus. N&rsquo;h\u00e9sitez pas \u00e0 nous contacter au 06 07 86 55 82, Jean-Luc Caurette se fera un plaisir de r\u00e9pondre \u00e0 vos questions et de vous \u00e9tablir un devis.<\/p>\n<\/div>\n","protected":false},"excerpt":{"rendered":"<p>Bonjour et bienvenue chez Transfert Alsace. Si vous ne nous connaissez pas encore, n&rsquo;h\u00e9sitez pas \u00e0 faire un tour sur notre page de pr\u00e9sentation, mais pour faire simple, nous r\u00e9alisons des transferts de films cin\u00e9ma et de cassettes vid\u00e9o depuis 1986 au sein de la soci\u00e9t\u00e9 Optima-Vid\u00e9o. En 2015, nous avons d\u00e9cid\u00e9 de cr\u00e9er ce [&hellip;]<\/p>\n","protected":false},"author":2,"featured_media":0,"parent":0,"menu_order":0,"comment_status":"open","ping_status":"open","template":"","meta":[],"_links":{"self":[{"href":"https:\/\/transfert.alsace\/index.php?rest_route=\/wp\/v2\/pages\/2"}],"collection":[{"href":"https:\/\/transfert.alsace\/index.php?rest_route=\/wp\/v2\/pages"}],"about":[{"href":"https:\/\/transfert.alsace\/index.php?rest_route=\/wp\/v2\/types\/page"}],"author":[{"embeddable":true,"href":"https:\/\/transfert.alsace\/index.php?rest_route=\/wp\/v2\/users\/2"}],"replies":[{"embeddable":true,"href":"https:\/\/transfert.alsace\/index.php?rest_route=%2Fwp%2Fv2%2Fcomments&post=2"}],"version-history":[{"count":11,"href":"https:\/\/transfert.alsace\/index.php?rest_route=\/wp\/v2\/pages\/2\/revisions"}],"predecessor-version":[{"id":126,"href":"https:\/\/transfert.alsace\/index.php?rest_route=\/wp\/v2\/pages\/2\/revisions\/126"}],"wp:attachment":[{"href":"https:\/\/transfert.alsace\/index.php?rest_route=%2Fwp%2Fv2%2Fmedia&parent=2"}],"curies":[{"name":"wp","href":"https:\/\/api.w.org\/{rel}","templated":true}]}}