{"id":23,"date":"2015-05-07T09:01:31","date_gmt":"2015-05-07T09:01:31","guid":{"rendered":"http:\/\/transfert.alsace\/?page_id=23"},"modified":"2016-04-07T19:01:19","modified_gmt":"2016-04-07T19:01:19","slug":"diapos-et-photos","status":"publish","type":"page","link":"https:\/\/transfert.alsace\/?page_id=23","title":{"rendered":"Diapos et photos"},"content":{"rendered":"<p>Nous num\u00e9risons \u00e9galement diapositives et documents papier.<\/p>\n<p>La premi\u00e8re \u00e9tape consiste \u00e0 faire un tri de ce que vous voulez conserver, surtout pour les diapositives !<\/p>\n<p>Ensuite, passez nous voir avec une s\u00e9lection, nous vous donnerons notre avis et pourrons vous \u00e9tablir un devis en fonction du type et du nombre de vos archives. Nous pourrons aussi r\u00e9aliser l&rsquo;un ou l&rsquo;autre scan de test pour vous montrer ce qu&rsquo;il est possible d&rsquo;obtenir avec du mat\u00e9riel professionnel bien r\u00e9gl\u00e9 et calibr\u00e9 \ud83d\ude42<\/p>\n","protected":false},"excerpt":{"rendered":"<p>Nous num\u00e9risons \u00e9galement diapositives et documents papier. La premi\u00e8re \u00e9tape consiste \u00e0 faire un tri de ce que vous voulez conserver, surtout pour les diapositives ! Ensuite, passez nous voir avec une s\u00e9lection, nous vous donnerons notre avis et pourrons vous \u00e9tablir un devis en fonction du type et du nombre de vos archives. Nous [&hellip;]<\/p>\n","protected":false},"author":2,"featured_media":0,"parent":2,"menu_order":0,"comment_status":"open","ping_status":"open","template":"","meta":[],"_links":{"self":[{"href":"https:\/\/transfert.alsace\/index.php?rest_route=\/wp\/v2\/pages\/23"}],"collection":[{"href":"https:\/\/transfert.alsace\/index.php?rest_route=\/wp\/v2\/pages"}],"about":[{"href":"https:\/\/transfert.alsace\/index.php?rest_route=\/wp\/v2\/types\/page"}],"author":[{"embeddable":true,"href":"https:\/\/transfert.alsace\/index.php?rest_route=\/wp\/v2\/users\/2"}],"replies":[{"embeddable":true,"href":"https:\/\/transfert.alsace\/index.php?rest_route=%2Fwp%2Fv2%2Fcomments&post=23"}],"version-history":[{"count":3,"href":"https:\/\/transfert.alsace\/index.php?rest_route=\/wp\/v2\/pages\/23\/revisions"}],"predecessor-version":[{"id":113,"href":"https:\/\/transfert.alsace\/index.php?rest_route=\/wp\/v2\/pages\/23\/revisions\/113"}],"up":[{"embeddable":true,"href":"https:\/\/transfert.alsace\/index.php?rest_route=\/wp\/v2\/pages\/2"}],"wp:attachment":[{"href":"https:\/\/transfert.alsace\/index.php?rest_route=%2Fwp%2Fv2%2Fmedia&parent=23"}],"curies":[{"name":"wp","href":"https:\/\/api.w.org\/{rel}","templated":true}]}}