{"id":52,"date":"2015-05-07T14:25:26","date_gmt":"2015-05-07T14:25:26","guid":{"rendered":"http:\/\/transfert.alsace\/?page_id=52"},"modified":"2015-05-11T15:04:11","modified_gmt":"2015-05-11T15:04:11","slug":"choix-du-support-de-transfert","status":"publish","type":"page","link":"https:\/\/transfert.alsace\/?page_id=52","title":{"rendered":"Choix du support de transfert"},"content":{"rendered":"<p>Nous vous proposons 2 types de supports pour vos transferts d&rsquo;archives<\/p>\n<p>&nbsp;<\/p>\n<h2>1 &#8211; Les m\u00e9dias amovibles types DVD-Vid\u00e9o ou Blu-Ray<\/h2>\n<p>Les m\u00e9dias amovibles ont plusieurs avantages :<\/p>\n<p style=\"padding-left: 30px;\">&#8211; Leur visionnage est plus universel. Platine DVD de salon, console de jeu, ordinateur personnel &#8230; en g\u00e9n\u00e9ral il suffit d&rsquo;introduite le disque et le tour est jou\u00e9<\/p>\n<p style=\"padding-left: 30px;\">&#8211; Ils sont plus solides : une chute ou un l\u00e9gat des eaux &#8230; pas de probl\u00e8me, vos films sont toujours intacts ! Ce qui ne sera pas forc\u00e9ment le cas d&rsquo;un disque dur !<\/p>\n<p style=\"padding-left: 30px;\">&#8211; Ils sont moins monnayables : en cas de cambriolage, il y a de fortes chances que vos disques durs ou cl\u00e9s USB disparaissent. Par contre, un DVD intitul\u00e9 \u00ab\u00a0Souvenir de grand-m\u00e8re 1968\u00a0\u00bb n&rsquo;a que peu de chances d&rsquo;int\u00e9resser les visiteurs ind\u00e9licats.<\/p>\n<p>&nbsp;<\/p>\n<p>Par contre, ils ont aussi des inconv\u00e9nients :<\/p>\n<p style=\"padding-left: 30px;\">&#8211; Si vous souhaitez faire du montage de vos sources, c&rsquo;est un format moins pratique qu&rsquo;un fichier que vous pourriez importer directement dans votre logiciel de montage.<\/p>\n<p style=\"padding-left: 30px;\">&#8211; La dur\u00e9e de vie des galettes est mal connue, mais nous estimons qu&rsquo;il est sage de ne pas d\u00e9passer 8 ou 10 ans avant de faire des copies &lsquo;\u00e0 l&rsquo;identique&rsquo; de vos archives (en clair : tous les 10 ans, faites une recopie de vos DVD grav\u00e9s et hop, vous voil\u00e0 repartis pour un tour !)<\/p>\n<div class=\"fusion-sep-clear\"><\/div><div class=\"fusion-separator sep-shadow\" style=\"border-color:#e0dede;margin-top:40px;margin-bottom:40px;\"><\/div>\n<h2>2 &#8211; Les fichiers informatiques<\/h2>\n<p>Plut\u00f4t qu&rsquo;un DVD ou un Blu-Ray, nous pouvons transf\u00e9rer vos archives pour obtenir des fichiers informatiques, \u00e0 stocker et exploiter sur DVD-Rom, cl\u00e9 USB, Disque dur, etc&#8230;<\/p>\n<p>Les avantages :<\/p>\n<p style=\"padding-left: 30px;\">&#8211; Plus pratique pour faire du montage<\/p>\n<p style=\"padding-left: 30px;\">&#8211; Plus facile \u00e0 dupliquer &#8211; pas besoin de graveur de DVD<\/p>\n<p style=\"padding-left: 30px;\">&#8211; Le regroupement des sources est plus ais\u00e9<\/p>\n<p>Les inconv\u00e9nients :<\/p>\n<p style=\"padding-left: 30px;\">&#8211; Plus &lsquo;volatiles&rsquo; : il suffit d&rsquo;une fausse manipulation pour faire disparaitre un r\u00e9pertoire entier<\/p>\n<p style=\"padding-left: 30px;\">&#8211; Plus monnayable (cf. ci-dessus)<\/p>\n","protected":false},"excerpt":{"rendered":"<p>Nous vous proposons 2 types de supports pour vos transferts d&rsquo;archives &nbsp; 1 &#8211; Les m\u00e9dias amovibles types DVD-Vid\u00e9o ou Blu-Ray Les m\u00e9dias amovibles ont plusieurs avantages : &#8211; Leur visionnage est plus universel. Platine DVD de salon, console de jeu, ordinateur personnel &#8230; en g\u00e9n\u00e9ral il suffit d&rsquo;introduite le disque et le tour est [&hellip;]<\/p>\n","protected":false},"author":2,"featured_media":0,"parent":11,"menu_order":0,"comment_status":"open","ping_status":"open","template":"","meta":[],"_links":{"self":[{"href":"https:\/\/transfert.alsace\/index.php?rest_route=\/wp\/v2\/pages\/52"}],"collection":[{"href":"https:\/\/transfert.alsace\/index.php?rest_route=\/wp\/v2\/pages"}],"about":[{"href":"https:\/\/transfert.alsace\/index.php?rest_route=\/wp\/v2\/types\/page"}],"author":[{"embeddable":true,"href":"https:\/\/transfert.alsace\/index.php?rest_route=\/wp\/v2\/users\/2"}],"replies":[{"embeddable":true,"href":"https:\/\/transfert.alsace\/index.php?rest_route=%2Fwp%2Fv2%2Fcomments&post=52"}],"version-history":[{"count":7,"href":"https:\/\/transfert.alsace\/index.php?rest_route=\/wp\/v2\/pages\/52\/revisions"}],"predecessor-version":[{"id":80,"href":"https:\/\/transfert.alsace\/index.php?rest_route=\/wp\/v2\/pages\/52\/revisions\/80"}],"up":[{"embeddable":true,"href":"https:\/\/transfert.alsace\/index.php?rest_route=\/wp\/v2\/pages\/11"}],"wp:attachment":[{"href":"https:\/\/transfert.alsace\/index.php?rest_route=%2Fwp%2Fv2%2Fmedia&parent=52"}],"curies":[{"name":"wp","href":"https:\/\/api.w.org\/{rel}","templated":true}]}}