{"id":88,"date":"2015-05-11T16:36:19","date_gmt":"2015-05-11T16:36:19","guid":{"rendered":"http:\/\/transfert.alsace\/?page_id=88"},"modified":"2024-01-11T18:46:56","modified_gmt":"2024-01-11T18:46:56","slug":"venez-nous-voir","status":"publish","type":"page","link":"https:\/\/transfert.alsace\/?page_id=88","title":{"rendered":"Adresse et Contact"},"content":{"rendered":"<p>Attention, si vous venez nous voir, vous ne trouverez pas de soci\u00e9t\u00e9 au nom de <strong>Transfert Alsace<\/strong>, mais au nom de <strong>Optima Vid\u00e9o<\/strong>.<\/p>\n<p>Quand vous arrivez en face du 125 route de Mittelhasubergen (un petit immeuble de 4 \u00e9tages couleur saumon), passez sous le porche et garez-vous dans la cour en contrebas sous le panneau &lsquo;Optima&rsquo;, on a des places de parkings expr\u00e8s pour nos clients \ud83d\ude42<\/p>\n<p>De pr\u00e9f\u00e9rence, essayez toujours de nous appeler au 06 07 86 55 82 avant car il arrive que nous soyons en reportage \u00e0 l&rsquo;ext\u00e9rieur et ce serait dommage de trouver porte close !<\/p>\n<p>Si vous pr\u00e9f\u00e9rez nous contacter par messagerie, vous pouvez nous joindre \u00e0 l&rsquo;adresse <a href=\"mailto:contact@transfert.alsace\">contact@transfert.alsace<\/a> ou utiliser le formulaire ci-dessous :<\/p>\n","protected":false},"excerpt":{"rendered":"<p>Attention, si vous venez nous voir, vous ne trouverez pas de soci\u00e9t\u00e9 au nom de Transfert Alsace, mais au nom de Optima Vid\u00e9o. Quand vous arrivez en face du 125 route de Mittelhasubergen (un petit immeuble de 4 \u00e9tages couleur saumon), passez sous le porche et garez-vous dans la cour en contrebas sous le panneau [&hellip;]<\/p>\n","protected":false},"author":2,"featured_media":0,"parent":15,"menu_order":0,"comment_status":"open","ping_status":"open","template":"contact.php","meta":[],"_links":{"self":[{"href":"https:\/\/transfert.alsace\/index.php?rest_route=\/wp\/v2\/pages\/88"}],"collection":[{"href":"https:\/\/transfert.alsace\/index.php?rest_route=\/wp\/v2\/pages"}],"about":[{"href":"https:\/\/transfert.alsace\/index.php?rest_route=\/wp\/v2\/types\/page"}],"author":[{"embeddable":true,"href":"https:\/\/transfert.alsace\/index.php?rest_route=\/wp\/v2\/users\/2"}],"replies":[{"embeddable":true,"href":"https:\/\/transfert.alsace\/index.php?rest_route=%2Fwp%2Fv2%2Fcomments&post=88"}],"version-history":[{"count":5,"href":"https:\/\/transfert.alsace\/index.php?rest_route=\/wp\/v2\/pages\/88\/revisions"}],"predecessor-version":[{"id":122,"href":"https:\/\/transfert.alsace\/index.php?rest_route=\/wp\/v2\/pages\/88\/revisions\/122"}],"up":[{"embeddable":true,"href":"https:\/\/transfert.alsace\/index.php?rest_route=\/wp\/v2\/pages\/15"}],"wp:attachment":[{"href":"https:\/\/transfert.alsace\/index.php?rest_route=%2Fwp%2Fv2%2Fmedia&parent=88"}],"curies":[{"name":"wp","href":"https:\/\/api.w.org\/{rel}","templated":true}]}}